{"id":36,"date":"2023-09-28T14:41:02","date_gmt":"2023-09-28T12:41:02","guid":{"rendered":"http:\/\/fermedelariziere.fr\/?page_id=36"},"modified":"2023-10-01T15:11:20","modified_gmt":"2023-10-01T13:11:20","slug":"accueil","status":"publish","type":"page","link":"https:\/\/fermedelariziere.fr\/","title":{"rendered":"L\u00e9gumes &#038; Petits Fruits"},"content":{"rendered":"\n<p>2023. La ferme se construit petit \u00e0 petit, les premi\u00e8res productions misent en place sont l\u00e9gumes annuels et quelques esp\u00e8ces de petits fruits.<br>Il y a une place d\u00e9di\u00e9e aux&nbsp;<strong>aromatiques<\/strong>&nbsp;et&nbsp;<strong>fleurs comestibles<\/strong>&nbsp;\u00e9galement.<\/p>\n\n\n\n<div style=\"height:40px\" aria-hidden=\"true\" class=\"wp-block-spacer\"><\/div>\n\n\n\n<p><em>Quelques photos d&#8217;ambiance&#8230;<\/em><\/p>\n\n\n\n<figure class=\"wp-block-gallery has-nested-images columns-default is-cropped wp-block-gallery-1 is-layout-flex wp-block-gallery-is-layout-flex\">\n<figure class=\"wp-block-image size-large\"><img fetchpriority=\"high\" decoding=\"async\" width=\"1024\" height=\"768\" data-id=\"89\" src=\"https:\/\/fermedelariziere.fr\/wp-content\/uploads\/2023\/09\/2023-09-11-09h31m58-1-1024x768.jpg\" alt=\"\" class=\"wp-image-89\" srcset=\"https:\/\/fermedelariziere.fr\/wp-content\/uploads\/2023\/09\/2023-09-11-09h31m58-1-1024x768.jpg 1024w, https:\/\/fermedelariziere.fr\/wp-content\/uploads\/2023\/09\/2023-09-11-09h31m58-1-300x225.jpg 300w, https:\/\/fermedelariziere.fr\/wp-content\/uploads\/2023\/09\/2023-09-11-09h31m58-1-768x576.jpg 768w, https:\/\/fermedelariziere.fr\/wp-content\/uploads\/2023\/09\/2023-09-11-09h31m58-1-1536x1152.jpg 1536w, https:\/\/fermedelariziere.fr\/wp-content\/uploads\/2023\/09\/2023-09-11-09h31m58-1-2048x1536.jpg 2048w\" sizes=\"(max-width: 1024px) 100vw, 1024px\" \/><figcaption class=\"wp-element-caption\">Espace ZEN pour l&#8217;Agriculture Biologique<\/figcaption><\/figure>\n\n\n\n<figure class=\"wp-block-image size-large\"><img decoding=\"async\" width=\"683\" height=\"1024\" data-id=\"88\" src=\"https:\/\/fermedelariziere.fr\/wp-content\/uploads\/2023\/09\/2023-09-02-17h10m53-683x1024.jpg\" alt=\"\" class=\"wp-image-88\" srcset=\"https:\/\/fermedelariziere.fr\/wp-content\/uploads\/2023\/09\/2023-09-02-17h10m53-683x1024.jpg 683w, https:\/\/fermedelariziere.fr\/wp-content\/uploads\/2023\/09\/2023-09-02-17h10m53-200x300.jpg 200w, https:\/\/fermedelariziere.fr\/wp-content\/uploads\/2023\/09\/2023-09-02-17h10m53-768x1152.jpg 768w, https:\/\/fermedelariziere.fr\/wp-content\/uploads\/2023\/09\/2023-09-02-17h10m53-1024x1536.jpg 1024w, https:\/\/fermedelariziere.fr\/wp-content\/uploads\/2023\/09\/2023-09-02-17h10m53-1365x2048.jpg 1365w, https:\/\/fermedelariziere.fr\/wp-content\/uploads\/2023\/09\/2023-09-02-17h10m53-scaled.jpg 1707w\" sizes=\"(max-width: 683px) 100vw, 683px\" \/><figcaption class=\"wp-element-caption\">MSV : A la recherche d&#8217;un sol en vie<\/figcaption><\/figure>\n\n\n\n<figure class=\"wp-block-image size-large\"><img decoding=\"async\" width=\"1024\" height=\"683\" data-id=\"84\" src=\"https:\/\/fermedelariziere.fr\/wp-content\/uploads\/2023\/09\/2023-08-31-08h40m48-1024x683.jpg\" alt=\"\" class=\"wp-image-84\" srcset=\"https:\/\/fermedelariziere.fr\/wp-content\/uploads\/2023\/09\/2023-08-31-08h40m48-1024x683.jpg 1024w, https:\/\/fermedelariziere.fr\/wp-content\/uploads\/2023\/09\/2023-08-31-08h40m48-300x200.jpg 300w, https:\/\/fermedelariziere.fr\/wp-content\/uploads\/2023\/09\/2023-08-31-08h40m48-768x512.jpg 768w, https:\/\/fermedelariziere.fr\/wp-content\/uploads\/2023\/09\/2023-08-31-08h40m48-1536x1024.jpg 1536w, https:\/\/fermedelariziere.fr\/wp-content\/uploads\/2023\/09\/2023-08-31-08h40m48-2048x1365.jpg 2048w\" sizes=\"(max-width: 1024px) 100vw, 1024px\" \/><figcaption class=\"wp-element-caption\">Le travail non m\u00e9canis\u00e9 permet de belles associations&#8230;<\/figcaption><\/figure>\n\n\n\n<figure class=\"wp-block-image size-large\"><img loading=\"lazy\" decoding=\"async\" width=\"1024\" height=\"595\" data-id=\"83\" src=\"https:\/\/fermedelariziere.fr\/wp-content\/uploads\/2023\/09\/2023-09-01-20h28m52-1024x595.jpg\" alt=\"\" class=\"wp-image-83\" srcset=\"https:\/\/fermedelariziere.fr\/wp-content\/uploads\/2023\/09\/2023-09-01-20h28m52-1024x595.jpg 1024w, https:\/\/fermedelariziere.fr\/wp-content\/uploads\/2023\/09\/2023-09-01-20h28m52-300x174.jpg 300w, https:\/\/fermedelariziere.fr\/wp-content\/uploads\/2023\/09\/2023-09-01-20h28m52-768x446.jpg 768w, https:\/\/fermedelariziere.fr\/wp-content\/uploads\/2023\/09\/2023-09-01-20h28m52-1536x893.jpg 1536w, https:\/\/fermedelariziere.fr\/wp-content\/uploads\/2023\/09\/2023-09-01-20h28m52-2048x1190.jpg 2048w\" sizes=\"(max-width: 1024px) 100vw, 1024px\" \/><figcaption class=\"wp-element-caption\">Les fils de tomates 2023<\/figcaption><\/figure>\n\n\n\n<figure class=\"wp-block-image size-large\"><img loading=\"lazy\" decoding=\"async\" width=\"1024\" height=\"683\" data-id=\"82\" src=\"https:\/\/fermedelariziere.fr\/wp-content\/uploads\/2023\/09\/2023-09-02-17h03m16-1024x683.jpg\" alt=\"\" class=\"wp-image-82\" srcset=\"https:\/\/fermedelariziere.fr\/wp-content\/uploads\/2023\/09\/2023-09-02-17h03m16-1024x683.jpg 1024w, https:\/\/fermedelariziere.fr\/wp-content\/uploads\/2023\/09\/2023-09-02-17h03m16-300x200.jpg 300w, https:\/\/fermedelariziere.fr\/wp-content\/uploads\/2023\/09\/2023-09-02-17h03m16-768x512.jpg 768w, https:\/\/fermedelariziere.fr\/wp-content\/uploads\/2023\/09\/2023-09-02-17h03m16-1536x1024.jpg 1536w, https:\/\/fermedelariziere.fr\/wp-content\/uploads\/2023\/09\/2023-09-02-17h03m16-2048x1365.jpg 2048w\" sizes=\"(max-width: 1024px) 100vw, 1024px\" \/><figcaption class=\"wp-element-caption\">Oh des mini &#8230; <\/figcaption><\/figure>\n\n\n\n<figure class=\"wp-block-image size-large\"><img loading=\"lazy\" decoding=\"async\" width=\"683\" height=\"1024\" data-id=\"81\" src=\"https:\/\/fermedelariziere.fr\/wp-content\/uploads\/2023\/09\/2023-09-02-17h10m02-683x1024.jpg\" alt=\"\" class=\"wp-image-81\" srcset=\"https:\/\/fermedelariziere.fr\/wp-content\/uploads\/2023\/09\/2023-09-02-17h10m02-683x1024.jpg 683w, https:\/\/fermedelariziere.fr\/wp-content\/uploads\/2023\/09\/2023-09-02-17h10m02-200x300.jpg 200w, https:\/\/fermedelariziere.fr\/wp-content\/uploads\/2023\/09\/2023-09-02-17h10m02-768x1152.jpg 768w, https:\/\/fermedelariziere.fr\/wp-content\/uploads\/2023\/09\/2023-09-02-17h10m02-1024x1536.jpg 1024w, https:\/\/fermedelariziere.fr\/wp-content\/uploads\/2023\/09\/2023-09-02-17h10m02-1365x2048.jpg 1365w, https:\/\/fermedelariziere.fr\/wp-content\/uploads\/2023\/09\/2023-09-02-17h10m02-scaled.jpg 1707w\" sizes=\"(max-width: 683px) 100vw, 683px\" \/><figcaption class=\"wp-element-caption\">1\u00e8re r\u00e9colte sous foin<\/figcaption><\/figure>\n\n\n\n<figure class=\"wp-block-image size-large\"><img loading=\"lazy\" decoding=\"async\" width=\"768\" height=\"1024\" data-id=\"80\" src=\"https:\/\/fermedelariziere.fr\/wp-content\/uploads\/2023\/09\/2023-09-15-15h39m39-768x1024.jpg\" alt=\"\" class=\"wp-image-80\" srcset=\"https:\/\/fermedelariziere.fr\/wp-content\/uploads\/2023\/09\/2023-09-15-15h39m39-768x1024.jpg 768w, https:\/\/fermedelariziere.fr\/wp-content\/uploads\/2023\/09\/2023-09-15-15h39m39-225x300.jpg 225w, https:\/\/fermedelariziere.fr\/wp-content\/uploads\/2023\/09\/2023-09-15-15h39m39-1152x1536.jpg 1152w, https:\/\/fermedelariziere.fr\/wp-content\/uploads\/2023\/09\/2023-09-15-15h39m39-1536x2048.jpg 1536w, https:\/\/fermedelariziere.fr\/wp-content\/uploads\/2023\/09\/2023-09-15-15h39m39-scaled.jpg 1920w\" sizes=\"(max-width: 768px) 100vw, 768px\" \/><figcaption class=\"wp-element-caption\">Mini-l\u00e9gumes &amp; fleurs comestibles<\/figcaption><\/figure>\n\n\n\n<figure class=\"wp-block-image size-large\"><img loading=\"lazy\" decoding=\"async\" width=\"768\" height=\"1024\" data-id=\"79\" src=\"https:\/\/fermedelariziere.fr\/wp-content\/uploads\/2023\/09\/2023-08-29-18h32m30-768x1024.jpg\" alt=\"\" class=\"wp-image-79\" srcset=\"https:\/\/fermedelariziere.fr\/wp-content\/uploads\/2023\/09\/2023-08-29-18h32m30-768x1024.jpg 768w, https:\/\/fermedelariziere.fr\/wp-content\/uploads\/2023\/09\/2023-08-29-18h32m30-225x300.jpg 225w, https:\/\/fermedelariziere.fr\/wp-content\/uploads\/2023\/09\/2023-08-29-18h32m30-1152x1536.jpg 1152w, https:\/\/fermedelariziere.fr\/wp-content\/uploads\/2023\/09\/2023-08-29-18h32m30-1536x2048.jpg 1536w, https:\/\/fermedelariziere.fr\/wp-content\/uploads\/2023\/09\/2023-08-29-18h32m30-scaled.jpg 1920w\" sizes=\"(max-width: 768px) 100vw, 768px\" \/><figcaption class=\"wp-element-caption\">Cueillette d&#8217;\u00e9t\u00e9<\/figcaption><\/figure>\n<\/figure>\n\n\n\n<div style=\"height:20px\" aria-hidden=\"true\" class=\"wp-block-spacer\"><\/div>\n\n\n\n<div class=\"wp-block-buttons is-layout-flex wp-block-buttons-is-layout-flex\">\n<div class=\"wp-block-button\"><a class=\"wp-block-button__link wp-element-button\" href=\"https:\/\/fermedelariziere.fr\/index.php\/le-jardin\/\">Voir : Le jardin<\/a><\/div>\n<\/div>\n\n\n\n<div style=\"height:80px\" aria-hidden=\"true\" class=\"wp-block-spacer\"><\/div>\n\n\n\n<h2 class=\"wp-block-heading\">Qui suis-je<\/h2>\n\n\n\n<div class=\"wp-block-columns is-layout-flex wp-container-core-columns-is-layout-9d6595d7 wp-block-columns-is-layout-flex\">\n<div class=\"wp-block-column is-layout-flow wp-block-column-is-layout-flow\">\n<p>En 2020, j\u2019ach\u00e8te la ferme de la Rizi\u00e8re pour son beau potentiel ! Une terre l\u00e9g\u00e8re, un verger, avec &#8220;parfois&#8221; de l\u2019eau sous les pieds, des haies, des oiseaux, des insectes\u2026 bref, le bocage bourbonnais. <br>C\u2019est ici que je produirais des fruits et des <strong>l\u00e9gumes de saison<\/strong>. 2023, dipl\u00f4me agricole en poche, je lance cette 1\u00e8re saison, avec Ecocert pour<strong> la certification AB<\/strong>, avec <a title=\"En savoir+\" href=\"https:\/\/reneta.fr\/Ilots-Paysans\" target=\"_blank\" rel=\"noopener\">Ilots Paysans<\/a> et la couveuse Starter AURA pour l\u2019accompagnement administratif et la F\u00e9d\u00e9ration R\u00e9gionale de l\u2019Agriculture Biologique pour le suivi technique.<br><\/p>\n\n\n\n<div style=\"height:20px\" aria-hidden=\"true\" class=\"wp-block-spacer\"><\/div>\n\n\n\n<blockquote class=\"wp-block-quote is-layout-flow wp-block-quote-is-layout-flow\">\n<p><strong>Je cherche \u00e0 produire de la qualit\u00e9 tout en mettant l\u2019accent sur la gestion des intrants, la pr\u00e9servation de la vie du sol, la mise en place d<\/strong>&#8216;<strong>alli\u00e9s<\/strong> <strong>naturels et une gestion de l\u2019eau raisonn\u00e9e (liste non exhaustive !).<\/strong><\/p>\n<cite>Laetitia Drobniak<\/cite><\/blockquote>\n\n\n\n<div style=\"height:20px\" aria-hidden=\"true\" class=\"wp-block-spacer\"><\/div>\n\n\n\n<p><em>La ferme devrait rester sur du l\u00e9gume et du fruit ses 1\u00e8res ann\u00e9es. Je travaille \u00e0 agrandir les ateliers de la ferme avec mon compagnon, pour proposer des produits transform\u00e9s (nous avons un faible pour la confiserie !), des produits s\u00e9ch\u00e9s (d\u00e9shydrat\u00e9s) ainsi qu\u2019une p\u00e9pini\u00e8re.<\/em> <\/p>\n\n\n\n<div style=\"height:20px\" aria-hidden=\"true\" class=\"wp-block-spacer\"><\/div>\n\n\n\n<div class=\"wp-block-buttons is-layout-flex wp-block-buttons-is-layout-flex\">\n<div class=\"wp-block-button is-style-outline is-style-outline--2\"><a class=\"wp-block-button__link wp-element-button\" href=\"https:\/\/forms.gle\/7zhEseD7ttz7xqbFA\" target=\"_blank\" rel=\"noreferrer noopener\">Participer au sondage La Rizi\u00e8re<\/a><\/div>\n<\/div>\n\n\n\n<div style=\"height:20px\" aria-hidden=\"true\" class=\"wp-block-spacer\"><\/div>\n\n\n\n<p>En 2022, j&#8217;ai cr\u00e9\u00e9 un sondage pour pr\u00e9parer mon installation, celui-ci est disponible en ligne, n&#8217;h\u00e9sitez pas \u00e0 donner votre avis si vous ne l&#8217;avez pas fait !<\/p>\n<\/div>\n\n\n\n<div class=\"wp-block-column is-layout-flow wp-block-column-is-layout-flow\">\n<figure class=\"wp-block-image size-large\"><img loading=\"lazy\" decoding=\"async\" width=\"644\" height=\"1024\" src=\"http:\/\/fermedelariziere.fr\/wp-content\/uploads\/2023\/09\/2023-09-02-17h05m32wwwww-644x1024.jpg\" alt=\"\" class=\"wp-image-195\" srcset=\"https:\/\/fermedelariziere.fr\/wp-content\/uploads\/2023\/09\/2023-09-02-17h05m32wwwww-644x1024.jpg 644w, https:\/\/fermedelariziere.fr\/wp-content\/uploads\/2023\/09\/2023-09-02-17h05m32wwwww-189x300.jpg 189w, https:\/\/fermedelariziere.fr\/wp-content\/uploads\/2023\/09\/2023-09-02-17h05m32wwwww-768x1222.jpg 768w, https:\/\/fermedelariziere.fr\/wp-content\/uploads\/2023\/09\/2023-09-02-17h05m32wwwww.jpg 838w\" sizes=\"(max-width: 644px) 100vw, 644px\" \/><\/figure>\n<\/div>\n<\/div>\n","protected":false},"excerpt":{"rendered":"<p>2023. La ferme se construit petit \u00e0 petit, les premi\u00e8res productions misent en place sont l\u00e9gumes annuels et quelques esp\u00e8ces de petits fruits.Il y a une place d\u00e9di\u00e9e aux&nbsp;aromatiques&nbsp;et&nbsp;fleurs comestibles&nbsp;\u00e9galement. Quelques photos d&#8217;ambiance&#8230; Qui suis-je En 2020, j\u2019ach\u00e8te la ferme de la Rizi\u00e8re pour son beau potentiel ! Une terre l\u00e9g\u00e8re, un verger, avec &#8220;parfois&#8221; de l\u2019eau sous les pieds, des haies, des oiseaux, des insectes\u2026 bref, le bocage bourbonnais. C\u2019est ici que je produirais des fruits et des l\u00e9gumes de saison. 2023, dipl\u00f4me agricole en poche, je lance cette 1\u00e8re saison, avec Ecocert pour la certification AB, avec Ilots Paysans et la couveuse Starter AURA pour l\u2019accompagnement administratif et la F\u00e9d\u00e9ration R\u00e9gionale de l\u2019Agriculture Biologique pour le suivi technique. Je cherche \u00e0 produire de la qualit\u00e9 tout en mettant l\u2019accent sur la gestion des intrants, la pr\u00e9servation de la vie du sol, la mise en place d&#8216;alli\u00e9s naturels et une gestion de l\u2019eau raisonn\u00e9e (liste non exhaustive !). La ferme devrait rester sur du l\u00e9gume et du fruit ses 1\u00e8res ann\u00e9es. Je travaille \u00e0 agrandir les ateliers de la ferme avec mon compagnon, pour proposer des produits transform\u00e9s (nous avons un faible pour la confiserie !), des produits s\u00e9ch\u00e9s (d\u00e9shydrat\u00e9s) ainsi qu\u2019une p\u00e9pini\u00e8re. En 2022, j&#8217;ai cr\u00e9\u00e9 un sondage pour pr\u00e9parer mon installation, celui-ci est disponible en ligne, n&#8217;h\u00e9sitez pas \u00e0 donner votre avis si vous ne l&#8217;avez pas fait !<\/p>\n","protected":false},"author":1,"featured_media":0,"parent":0,"menu_order":0,"comment_status":"closed","ping_status":"closed","template":"","meta":{"footnotes":""},"class_list":["post-36","page","type-page","status-publish","hentry"],"yoast_head":"<!-- This site is optimized with the Yoast SEO plugin v27.3 - https:\/\/yoast.com\/product\/yoast-seo-wordpress\/ -->\n<title>L\u00e9gumes &amp; Petits Fruits - LA RIZI\u00c8RE<\/title>\n<meta name=\"robots\" content=\"index, follow, max-snippet:-1, max-image-preview:large, max-video-preview:-1\" \/>\n<link rel=\"canonical\" href=\"https:\/\/fermedelariziere.fr\/\" \/>\n<meta property=\"og:locale\" content=\"en_US\" \/>\n<meta property=\"og:type\" content=\"article\" \/>\n<meta property=\"og:title\" content=\"L\u00e9gumes &amp; Petits Fruits - LA RIZI\u00c8RE\" \/>\n<meta property=\"og:description\" content=\"2023. La ferme se construit petit \u00e0 petit, les premi\u00e8res productions misent en place sont l\u00e9gumes annuels et quelques esp\u00e8ces de petits fruits.Il y a une place d\u00e9di\u00e9e aux&nbsp;aromatiques&nbsp;et&nbsp;fleurs comestibles&nbsp;\u00e9galement. Quelques photos d&#8217;ambiance&#8230; Qui suis-je En 2020, j\u2019ach\u00e8te la ferme de la Rizi\u00e8re pour son beau potentiel ! Une terre l\u00e9g\u00e8re, un verger, avec &#8220;parfois&#8221; de l\u2019eau sous les pieds, des haies, des oiseaux, des insectes\u2026 bref, le bocage bourbonnais. C\u2019est ici que je produirais des fruits et des l\u00e9gumes de saison. 2023, dipl\u00f4me agricole en poche, je lance cette 1\u00e8re saison, avec Ecocert pour la certification AB, avec Ilots Paysans et la couveuse Starter AURA pour l\u2019accompagnement administratif et la F\u00e9d\u00e9ration R\u00e9gionale de l\u2019Agriculture Biologique pour le suivi technique. Je cherche \u00e0 produire de la qualit\u00e9 tout en mettant l\u2019accent sur la gestion des intrants, la pr\u00e9servation de la vie du sol, la mise en place d&#8216;alli\u00e9s naturels et une gestion de l\u2019eau raisonn\u00e9e (liste non exhaustive !). La ferme devrait rester sur du l\u00e9gume et du fruit ses 1\u00e8res ann\u00e9es. Je travaille \u00e0 agrandir les ateliers de la ferme avec mon compagnon, pour proposer des produits transform\u00e9s (nous avons un faible pour la confiserie !), des produits s\u00e9ch\u00e9s (d\u00e9shydrat\u00e9s) ainsi qu\u2019une p\u00e9pini\u00e8re. En 2022, j&#8217;ai cr\u00e9\u00e9 un sondage pour pr\u00e9parer mon installation, celui-ci est disponible en ligne, n&#8217;h\u00e9sitez pas \u00e0 donner votre avis si vous ne l&#8217;avez pas fait !\" \/>\n<meta property=\"og:url\" content=\"https:\/\/fermedelariziere.fr\/\" \/>\n<meta property=\"og:site_name\" content=\"LA RIZI\u00c8RE\" \/>\n<meta property=\"article:modified_time\" content=\"2023-10-01T13:11:20+00:00\" \/>\n<meta property=\"og:image\" content=\"https:\/\/fermedelariziere.fr\/wp-content\/uploads\/2023\/09\/2023-09-11-09h31m58-1-1024x768.jpg\" \/>\n<meta name=\"twitter:card\" content=\"summary_large_image\" \/>\n<meta name=\"twitter:label1\" content=\"Est. reading time\" \/>\n\t<meta name=\"twitter:data1\" content=\"4 minutes\" \/>\n<script type=\"application\/ld+json\" class=\"yoast-schema-graph\">{\"@context\":\"https:\\\/\\\/schema.org\",\"@graph\":[{\"@type\":\"WebPage\",\"@id\":\"https:\\\/\\\/fermedelariziere.fr\\\/\",\"url\":\"https:\\\/\\\/fermedelariziere.fr\\\/\",\"name\":\"L\u00e9gumes & Petits Fruits - LA RIZI\u00c8RE\",\"isPartOf\":{\"@id\":\"https:\\\/\\\/fermedelariziere.fr\\\/#website\"},\"primaryImageOfPage\":{\"@id\":\"https:\\\/\\\/fermedelariziere.fr\\\/#primaryimage\"},\"image\":{\"@id\":\"https:\\\/\\\/fermedelariziere.fr\\\/#primaryimage\"},\"thumbnailUrl\":\"https:\\\/\\\/fermedelariziere.fr\\\/wp-content\\\/uploads\\\/2023\\\/09\\\/2023-09-11-09h31m58-1-1024x768.jpg\",\"datePublished\":\"2023-09-28T12:41:02+00:00\",\"dateModified\":\"2023-10-01T13:11:20+00:00\",\"breadcrumb\":{\"@id\":\"https:\\\/\\\/fermedelariziere.fr\\\/#breadcrumb\"},\"inLanguage\":\"en-US\",\"potentialAction\":[{\"@type\":\"ReadAction\",\"target\":[\"https:\\\/\\\/fermedelariziere.fr\\\/\"]}]},{\"@type\":\"ImageObject\",\"inLanguage\":\"en-US\",\"@id\":\"https:\\\/\\\/fermedelariziere.fr\\\/#primaryimage\",\"url\":\"https:\\\/\\\/fermedelariziere.fr\\\/wp-content\\\/uploads\\\/2023\\\/09\\\/2023-09-11-09h31m58-1-1024x768.jpg\",\"contentUrl\":\"https:\\\/\\\/fermedelariziere.fr\\\/wp-content\\\/uploads\\\/2023\\\/09\\\/2023-09-11-09h31m58-1-1024x768.jpg\"},{\"@type\":\"BreadcrumbList\",\"@id\":\"https:\\\/\\\/fermedelariziere.fr\\\/#breadcrumb\",\"itemListElement\":[{\"@type\":\"ListItem\",\"position\":1,\"name\":\"Accueil\",\"item\":\"https:\\\/\\\/fermedelariziere.fr\\\/\"},{\"@type\":\"ListItem\",\"position\":2,\"name\":\"L\u00e9gumes &#038; Petits Fruits\"}]},{\"@type\":\"WebSite\",\"@id\":\"https:\\\/\\\/fermedelariziere.fr\\\/#website\",\"url\":\"https:\\\/\\\/fermedelariziere.fr\\\/\",\"name\":\"LA RIZI\u00c8RE\",\"description\":\"Ferme AB au Theil, Allier\",\"potentialAction\":[{\"@type\":\"SearchAction\",\"target\":{\"@type\":\"EntryPoint\",\"urlTemplate\":\"https:\\\/\\\/fermedelariziere.fr\\\/?s={search_term_string}\"},\"query-input\":{\"@type\":\"PropertyValueSpecification\",\"valueRequired\":true,\"valueName\":\"search_term_string\"}}],\"inLanguage\":\"en-US\"}]}<\/script>\n<!-- \/ Yoast SEO plugin. -->","yoast_head_json":{"title":"L\u00e9gumes & Petits Fruits - LA RIZI\u00c8RE","robots":{"index":"index","follow":"follow","max-snippet":"max-snippet:-1","max-image-preview":"max-image-preview:large","max-video-preview":"max-video-preview:-1"},"canonical":"https:\/\/fermedelariziere.fr\/","og_locale":"en_US","og_type":"article","og_title":"L\u00e9gumes & Petits Fruits - LA RIZI\u00c8RE","og_description":"2023. La ferme se construit petit \u00e0 petit, les premi\u00e8res productions misent en place sont l\u00e9gumes annuels et quelques esp\u00e8ces de petits fruits.Il y a une place d\u00e9di\u00e9e aux&nbsp;aromatiques&nbsp;et&nbsp;fleurs comestibles&nbsp;\u00e9galement. Quelques photos d&#8217;ambiance&#8230; Qui suis-je En 2020, j\u2019ach\u00e8te la ferme de la Rizi\u00e8re pour son beau potentiel ! Une terre l\u00e9g\u00e8re, un verger, avec &#8220;parfois&#8221; de l\u2019eau sous les pieds, des haies, des oiseaux, des insectes\u2026 bref, le bocage bourbonnais. C\u2019est ici que je produirais des fruits et des l\u00e9gumes de saison. 2023, dipl\u00f4me agricole en poche, je lance cette 1\u00e8re saison, avec Ecocert pour la certification AB, avec Ilots Paysans et la couveuse Starter AURA pour l\u2019accompagnement administratif et la F\u00e9d\u00e9ration R\u00e9gionale de l\u2019Agriculture Biologique pour le suivi technique. Je cherche \u00e0 produire de la qualit\u00e9 tout en mettant l\u2019accent sur la gestion des intrants, la pr\u00e9servation de la vie du sol, la mise en place d&#8216;alli\u00e9s naturels et une gestion de l\u2019eau raisonn\u00e9e (liste non exhaustive !). La ferme devrait rester sur du l\u00e9gume et du fruit ses 1\u00e8res ann\u00e9es. Je travaille \u00e0 agrandir les ateliers de la ferme avec mon compagnon, pour proposer des produits transform\u00e9s (nous avons un faible pour la confiserie !), des produits s\u00e9ch\u00e9s (d\u00e9shydrat\u00e9s) ainsi qu\u2019une p\u00e9pini\u00e8re. En 2022, j&#8217;ai cr\u00e9\u00e9 un sondage pour pr\u00e9parer mon installation, celui-ci est disponible en ligne, n&#8217;h\u00e9sitez pas \u00e0 donner votre avis si vous ne l&#8217;avez pas fait !","og_url":"https:\/\/fermedelariziere.fr\/","og_site_name":"LA RIZI\u00c8RE","article_modified_time":"2023-10-01T13:11:20+00:00","og_image":[{"url":"https:\/\/fermedelariziere.fr\/wp-content\/uploads\/2023\/09\/2023-09-11-09h31m58-1-1024x768.jpg","type":"","width":"","height":""}],"twitter_card":"summary_large_image","twitter_misc":{"Est. reading time":"4 minutes"},"schema":{"@context":"https:\/\/schema.org","@graph":[{"@type":"WebPage","@id":"https:\/\/fermedelariziere.fr\/","url":"https:\/\/fermedelariziere.fr\/","name":"L\u00e9gumes & Petits Fruits - LA RIZI\u00c8RE","isPartOf":{"@id":"https:\/\/fermedelariziere.fr\/#website"},"primaryImageOfPage":{"@id":"https:\/\/fermedelariziere.fr\/#primaryimage"},"image":{"@id":"https:\/\/fermedelariziere.fr\/#primaryimage"},"thumbnailUrl":"https:\/\/fermedelariziere.fr\/wp-content\/uploads\/2023\/09\/2023-09-11-09h31m58-1-1024x768.jpg","datePublished":"2023-09-28T12:41:02+00:00","dateModified":"2023-10-01T13:11:20+00:00","breadcrumb":{"@id":"https:\/\/fermedelariziere.fr\/#breadcrumb"},"inLanguage":"en-US","potentialAction":[{"@type":"ReadAction","target":["https:\/\/fermedelariziere.fr\/"]}]},{"@type":"ImageObject","inLanguage":"en-US","@id":"https:\/\/fermedelariziere.fr\/#primaryimage","url":"https:\/\/fermedelariziere.fr\/wp-content\/uploads\/2023\/09\/2023-09-11-09h31m58-1-1024x768.jpg","contentUrl":"https:\/\/fermedelariziere.fr\/wp-content\/uploads\/2023\/09\/2023-09-11-09h31m58-1-1024x768.jpg"},{"@type":"BreadcrumbList","@id":"https:\/\/fermedelariziere.fr\/#breadcrumb","itemListElement":[{"@type":"ListItem","position":1,"name":"Accueil","item":"https:\/\/fermedelariziere.fr\/"},{"@type":"ListItem","position":2,"name":"L\u00e9gumes &#038; Petits Fruits"}]},{"@type":"WebSite","@id":"https:\/\/fermedelariziere.fr\/#website","url":"https:\/\/fermedelariziere.fr\/","name":"LA RIZI\u00c8RE","description":"Ferme AB au Theil, Allier","potentialAction":[{"@type":"SearchAction","target":{"@type":"EntryPoint","urlTemplate":"https:\/\/fermedelariziere.fr\/?s={search_term_string}"},"query-input":{"@type":"PropertyValueSpecification","valueRequired":true,"valueName":"search_term_string"}}],"inLanguage":"en-US"}]}},"_links":{"self":[{"href":"https:\/\/fermedelariziere.fr\/index.php\/wp-json\/wp\/v2\/pages\/36","targetHints":{"allow":["GET"]}}],"collection":[{"href":"https:\/\/fermedelariziere.fr\/index.php\/wp-json\/wp\/v2\/pages"}],"about":[{"href":"https:\/\/fermedelariziere.fr\/index.php\/wp-json\/wp\/v2\/types\/page"}],"author":[{"embeddable":true,"href":"https:\/\/fermedelariziere.fr\/index.php\/wp-json\/wp\/v2\/users\/1"}],"replies":[{"embeddable":true,"href":"https:\/\/fermedelariziere.fr\/index.php\/wp-json\/wp\/v2\/comments?post=36"}],"version-history":[{"count":120,"href":"https:\/\/fermedelariziere.fr\/index.php\/wp-json\/wp\/v2\/pages\/36\/revisions"}],"predecessor-version":[{"id":302,"href":"https:\/\/fermedelariziere.fr\/index.php\/wp-json\/wp\/v2\/pages\/36\/revisions\/302"}],"wp:attachment":[{"href":"https:\/\/fermedelariziere.fr\/index.php\/wp-json\/wp\/v2\/media?parent=36"}],"curies":[{"name":"wp","href":"https:\/\/api.w.org\/{rel}","templated":true}]}}